{"id":3863,"date":"2025-06-05T15:55:05","date_gmt":"2025-06-05T15:55:05","guid":{"rendered":"https:\/\/spacere.com.br\/?page_id=3863"},"modified":"2025-06-05T16:14:27","modified_gmt":"2025-06-05T16:14:27","slug":"mapa","status":"publish","type":"page","link":"https:\/\/spacere.com.br\/en\/mapa\/","title":{"rendered":"mapa"},"content":{"rendered":"<div data-elementor-type=\"wp-page\" data-elementor-id=\"3863\" class=\"elementor elementor-3863\" data-elementor-settings=\"{&quot;ha_cmc_init_switcher&quot;:&quot;no&quot;}\" data-elementor-post-type=\"page\">\n\t\t\t\t<div class=\"elementor-element elementor-element-874ceb6 e-flex e-con-boxed e-con e-parent\" data-id=\"874ceb6\" data-element_type=\"container\" data-e-type=\"container\" data-settings=\"{&quot;background_background&quot;:&quot;classic&quot;,&quot;_ha_eqh_enable&quot;:false}\">\n\t\t\t\t\t<div class=\"e-con-inner\">\n\t\t\t\t<div class=\"elementor-element elementor-element-ca6fbf6 elementor-widget elementor-widget-shortcode\" data-id=\"ca6fbf6\" data-element_type=\"widget\" data-e-type=\"widget\" data-widget_type=\"shortcode.default\">\n\t\t\t\t<div class=\"elementor-widget-container\">\n\t\t\t\t\t\t\t<div class=\"elementor-shortcode\"><div class=\"map_wrapper\" id=\"map_wrapper_3862\">\n<div class=\"map_box\" style=\"max-width:2000px\">\n<div class=\"map_aspect_ratio\" style=\"padding-top:70%\" data-padding-top=\"70%\" data-padding-top-mobile=\"0%\">\n<div class=\"map_container\">\n<div class=\"map_render map_loading\" id=\"map_3862\"><\/div>\n<\/div>\n<\/div>\n<\/div>\n<\/div>\n<\/div>\n\t\t\t\t\t\t<\/div>\n\t\t\t\t<\/div>\n\t\t\t\t\t<\/div>\n\t\t\t\t<\/div>\n\t\t\t\t<\/div>","protected":false},"excerpt":{"rendered":"","protected":false},"author":2,"featured_media":0,"parent":0,"menu_order":0,"comment_status":"closed","ping_status":"closed","template":"","meta":{"_acf_changed":false,"footnotes":""},"class_list":["post-3863","page","type-page","status-publish","hentry"],"acf":[],"yoast_head":"<!-- This site is optimized with the Yoast SEO Premium plugin v24.6 (Yoast SEO v27.5) - https:\/\/yoast.com\/product\/yoast-seo-premium-wordpress\/ -->\n<title>mapa - Space<\/title>\n<meta name=\"robots\" content=\"index, follow, max-snippet:-1, max-image-preview:large, max-video-preview:-1\" \/>\n<link rel=\"canonical\" href=\"https:\/\/spacere.com.br\/en\/mapa\/\" \/>\n<meta property=\"og:locale\" content=\"en_US\" \/>\n<meta property=\"og:type\" content=\"article\" \/>\n<meta property=\"og:title\" content=\"mapa\" \/>\n<meta property=\"og:url\" content=\"https:\/\/spacere.com.br\/en\/mapa\/\" \/>\n<meta property=\"og:site_name\" content=\"Space\" \/>\n<meta property=\"article:modified_time\" content=\"2025-06-05T16:14:27+00:00\" \/>\n<meta property=\"og:image\" content=\"https:\/\/spacere.com.br\/wp-content\/uploads\/2026\/03\/imagem-do-site.png\" \/>\n\t<meta property=\"og:image:width\" content=\"1347\" \/>\n\t<meta property=\"og:image:height\" content=\"570\" \/>\n\t<meta property=\"og:image:type\" content=\"image\/png\" \/>\n<meta name=\"twitter:card\" content=\"summary_large_image\" \/>\n<script type=\"application\/ld+json\" class=\"yoast-schema-graph\">{\"@context\":\"https:\\\/\\\/schema.org\",\"@graph\":[{\"@type\":\"WebPage\",\"@id\":\"https:\\\/\\\/spacere.com.br\\\/mapa\\\/\",\"url\":\"https:\\\/\\\/spacere.com.br\\\/mapa\\\/\",\"name\":\"mapa - Space\",\"isPartOf\":{\"@id\":\"https:\\\/\\\/spacere.com.br\\\/#website\"},\"datePublished\":\"2025-06-05T15:55:05+00:00\",\"dateModified\":\"2025-06-05T16:14:27+00:00\",\"breadcrumb\":{\"@id\":\"https:\\\/\\\/spacere.com.br\\\/mapa\\\/#breadcrumb\"},\"inLanguage\":\"en-US\",\"potentialAction\":[{\"@type\":\"ReadAction\",\"target\":[\"https:\\\/\\\/spacere.com.br\\\/mapa\\\/\"]}]},{\"@type\":\"BreadcrumbList\",\"@id\":\"https:\\\/\\\/spacere.com.br\\\/mapa\\\/#breadcrumb\",\"itemListElement\":[{\"@type\":\"ListItem\",\"position\":1,\"name\":\"Home\",\"item\":\"https:\\\/\\\/spacere.com.br\\\/\"},{\"@type\":\"ListItem\",\"position\":2,\"name\":\"mapa\"}]},{\"@type\":\"WebSite\",\"@id\":\"https:\\\/\\\/spacere.com.br\\\/#website\",\"url\":\"https:\\\/\\\/spacere.com.br\\\/\",\"name\":\"Space - Excel\u00eancia em neg\u00f3cios imobili\u00e1rios\",\"description\":\"Excel\u00eancia em Neg\u00f3cios Imobili\u00e1rios\",\"publisher\":{\"@id\":\"https:\\\/\\\/spacere.com.br\\\/#organization\"},\"potentialAction\":[{\"@type\":\"SearchAction\",\"target\":{\"@type\":\"EntryPoint\",\"urlTemplate\":\"https:\\\/\\\/spacere.com.br\\\/?s={search_term_string}\"},\"query-input\":{\"@type\":\"PropertyValueSpecification\",\"valueRequired\":true,\"valueName\":\"search_term_string\"}}],\"inLanguage\":\"en-US\"},{\"@type\":\"Organization\",\"@id\":\"https:\\\/\\\/spacere.com.br\\\/#organization\",\"name\":\"Space - Excel\u00eancia em neg\u00f3cios imobili\u00e1rios\",\"url\":\"https:\\\/\\\/spacere.com.br\\\/\",\"logo\":{\"@type\":\"ImageObject\",\"inLanguage\":\"en-US\",\"@id\":\"https:\\\/\\\/spacere.com.br\\\/#\\\/schema\\\/logo\\\/image\\\/\",\"url\":\"https:\\\/\\\/spacere.com.br\\\/wp-content\\\/uploads\\\/2025\\\/08\\\/cropped-favicon.png\",\"contentUrl\":\"https:\\\/\\\/spacere.com.br\\\/wp-content\\\/uploads\\\/2025\\\/08\\\/cropped-favicon.png\",\"width\":512,\"height\":512,\"caption\":\"Space - Excel\u00eancia em neg\u00f3cios imobili\u00e1rios\"},\"image\":{\"@id\":\"https:\\\/\\\/spacere.com.br\\\/#\\\/schema\\\/logo\\\/image\\\/\"},\"description\":\"Com s\u00f3lida atua\u00e7\u00e3o em consultoria imobili\u00e1ria, a SPACE \u00e9 uma empresa brasileira com expertise em projetos nas \u00e1reas de comercializa\u00e7\u00e3o de im\u00f3veis, gerenciamento de obras, facilities, pesquisas e avalia\u00e7\u00f5es, prospec\u00e7\u00e3o, gerenciamento e administra\u00e7\u00e3o de ativos.\",\"email\":\"space@spacere.com.br\",\"telephone\":\"+55 11 5026-8989\"}]}<\/script>\n<!-- \/ Yoast SEO Premium plugin. -->","yoast_head_json":{"title":"mapa - Space","robots":{"index":"index","follow":"follow","max-snippet":"max-snippet:-1","max-image-preview":"max-image-preview:large","max-video-preview":"max-video-preview:-1"},"canonical":"https:\/\/spacere.com.br\/en\/mapa\/","og_locale":"en_US","og_type":"article","og_title":"mapa","og_url":"https:\/\/spacere.com.br\/en\/mapa\/","og_site_name":"Space","article_modified_time":"2025-06-05T16:14:27+00:00","og_image":[{"width":1347,"height":570,"url":"https:\/\/spacere.com.br\/wp-content\/uploads\/2026\/03\/imagem-do-site.png","type":"image\/png"}],"twitter_card":"summary_large_image","schema":{"@context":"https:\/\/schema.org","@graph":[{"@type":"WebPage","@id":"https:\/\/spacere.com.br\/mapa\/","url":"https:\/\/spacere.com.br\/mapa\/","name":"mapa - Space","isPartOf":{"@id":"https:\/\/spacere.com.br\/#website"},"datePublished":"2025-06-05T15:55:05+00:00","dateModified":"2025-06-05T16:14:27+00:00","breadcrumb":{"@id":"https:\/\/spacere.com.br\/mapa\/#breadcrumb"},"inLanguage":"en-US","potentialAction":[{"@type":"ReadAction","target":["https:\/\/spacere.com.br\/mapa\/"]}]},{"@type":"BreadcrumbList","@id":"https:\/\/spacere.com.br\/mapa\/#breadcrumb","itemListElement":[{"@type":"ListItem","position":1,"name":"Home","item":"https:\/\/spacere.com.br\/"},{"@type":"ListItem","position":2,"name":"mapa"}]},{"@type":"WebSite","@id":"https:\/\/spacere.com.br\/#website","url":"https:\/\/spacere.com.br\/","name":"Space - Excel\u00eancia em neg\u00f3cios imobili\u00e1rios","description":"Excel\u00eancia em Neg\u00f3cios Imobili\u00e1rios","publisher":{"@id":"https:\/\/spacere.com.br\/#organization"},"potentialAction":[{"@type":"SearchAction","target":{"@type":"EntryPoint","urlTemplate":"https:\/\/spacere.com.br\/?s={search_term_string}"},"query-input":{"@type":"PropertyValueSpecification","valueRequired":true,"valueName":"search_term_string"}}],"inLanguage":"en-US"},{"@type":"Organization","@id":"https:\/\/spacere.com.br\/#organization","name":"Space - Excel\u00eancia em neg\u00f3cios imobili\u00e1rios","url":"https:\/\/spacere.com.br\/","logo":{"@type":"ImageObject","inLanguage":"en-US","@id":"https:\/\/spacere.com.br\/#\/schema\/logo\/image\/","url":"https:\/\/spacere.com.br\/wp-content\/uploads\/2025\/08\/cropped-favicon.png","contentUrl":"https:\/\/spacere.com.br\/wp-content\/uploads\/2025\/08\/cropped-favicon.png","width":512,"height":512,"caption":"Space - Excel\u00eancia em neg\u00f3cios imobili\u00e1rios"},"image":{"@id":"https:\/\/spacere.com.br\/#\/schema\/logo\/image\/"},"description":"Com s\u00f3lida atua\u00e7\u00e3o em consultoria imobili\u00e1ria, a SPACE \u00e9 uma empresa brasileira com expertise em projetos nas \u00e1reas de comercializa\u00e7\u00e3o de im\u00f3veis, gerenciamento de obras, facilities, pesquisas e avalia\u00e7\u00f5es, prospec\u00e7\u00e3o, gerenciamento e administra\u00e7\u00e3o de ativos.","email":"space@spacere.com.br","telephone":"+55 11 5026-8989"}]}},"_links":{"self":[{"href":"https:\/\/spacere.com.br\/en\/wp-json\/wp\/v2\/pages\/3863","targetHints":{"allow":["GET"]}}],"collection":[{"href":"https:\/\/spacere.com.br\/en\/wp-json\/wp\/v2\/pages"}],"about":[{"href":"https:\/\/spacere.com.br\/en\/wp-json\/wp\/v2\/types\/page"}],"author":[{"embeddable":true,"href":"https:\/\/spacere.com.br\/en\/wp-json\/wp\/v2\/users\/2"}],"replies":[{"embeddable":true,"href":"https:\/\/spacere.com.br\/en\/wp-json\/wp\/v2\/comments?post=3863"}],"version-history":[{"count":6,"href":"https:\/\/spacere.com.br\/en\/wp-json\/wp\/v2\/pages\/3863\/revisions"}],"predecessor-version":[{"id":3953,"href":"https:\/\/spacere.com.br\/en\/wp-json\/wp\/v2\/pages\/3863\/revisions\/3953"}],"wp:attachment":[{"href":"https:\/\/spacere.com.br\/en\/wp-json\/wp\/v2\/media?parent=3863"}],"curies":[{"name":"wp","href":"https:\/\/api.w.org\/{rel}","templated":true}]}}